{"id":184,"date":"2019-07-05T16:09:07","date_gmt":"2019-07-05T14:09:07","guid":{"rendered":"http:\/\/www.eletec.com\/?page_id=184"},"modified":"2024-10-16T17:14:58","modified_gmt":"2024-10-16T16:14:58","slug":"home","status":"publish","type":"page","link":"https:\/\/eletec.com\/","title":{"rendered":"Home"},"content":{"rendered":"\n<div class=\"alignfull\"><div id=\"metaslider-id-1205\" style=\"width: 100%; margin: 0 auto;\" class=\"ml-slider-3-109-0 metaslider metaslider-responsive metaslider-1205 ml-slider {background size: cover} has-dots-nav ms-theme-cubic no-text\" role=\"region\" aria-label=\"Home\" data-height=\"1400\" data-width=\"3000\">\n    <div id=\"metaslider_container_1205\">\n        <ul id='metaslider_1205' class='rslides'>\n            <li aria-roledescription='slide' aria-labelledby='slide-0'><img loading=\"lazy\" decoding=\"async\" src=\"https:\/\/eletec.com\/wp-content\/uploads\/2019\/07\/Eletec-capannone-esterno-3000x1400.jpg\" height=\"1400\" width=\"3000\" alt=\"Eletec quadri elettrici Rezzato Brescia\" class=\"slider-1205 slide-1286 msDefaultImage\" title=\"Eletec capannone (esterno)\" \/><\/li>\n            <li style='display: none;' aria-roledescription='slide' aria-labelledby='slide-1'><img loading=\"lazy\" decoding=\"async\" src=\"https:\/\/eletec.com\/wp-content\/uploads\/2019\/07\/Eletec-capannone-interno-1-3000x1400.jpg\" height=\"1400\" width=\"3000\" alt=\"Eletec quadri elettrici Rezzato Brescia\" class=\"slider-1205 slide-1285 msDefaultImage\" title=\"Eletec capannone (interno 1)\" \/><\/li>\n            <li style='display: none;' aria-roledescription='slide' aria-labelledby='slide-2'><img loading=\"lazy\" decoding=\"async\" src=\"https:\/\/eletec.com\/wp-content\/uploads\/2019\/07\/Eletec-capannone-interno-2-3000x1400.jpg\" height=\"1400\" width=\"3000\" alt=\"Eletec quadri elettrici Rezzato Brescia\" class=\"slider-1205 slide-1284 msDefaultImage\" title=\"Eletec capannone (interno 2)\" \/><\/li>\n            <li style='display: none;' aria-roledescription='slide' aria-labelledby='slide-3'><img loading=\"lazy\" decoding=\"async\" src=\"https:\/\/eletec.com\/wp-content\/uploads\/2019\/07\/Eletec-capannone-dallalto-934x435.jpg\" height=\"1400\" width=\"3000\" alt=\"Quadri elettrici Rezzato Brescia\" class=\"slider-1205 slide-1287 msDefaultImage\" title=\"Eletec capannone (dall&#039;alto)\" \/><\/li>\n        <\/ul>\n        \n    <\/div>\n<\/div><\/div>\n\n\n\n<hr class=\"wp-block-separator has-css-opacity\"\/>\n\n\n\n<div style=\"height:30px\" aria-hidden=\"true\" class=\"wp-block-spacer\"><\/div>\n\n\n\n<h2 class=\"wp-block-heading has-text-align-center ticss-502077d7\"> QUADRI ELETTRICI DI COMANDO E CONTROLLO <\/h2>\n\n\n\n<div style=\"height:30px\" aria-hidden=\"true\" class=\"wp-block-spacer\"><\/div>\n\n\n\n<p class=\"ticss-fa68955f\">Eletec s.r.l. opera nel settore dei quadri elettrici ormai dal 1994. Nel corso degli anni ci siamo distinti sul territorio prima di Rezzato e poi di Brescia e provincia. Nostri punti di forza sono la professionalit\u00e0 e la massima attenzione verso il cliente, ben bilanciate per\u00f2 da prezzi sempre competitivi. <\/p>\n\n\n\n<div style=\"height:30px\" aria-hidden=\"true\" class=\"wp-block-spacer\"><\/div>\n\n\n\n<hr class=\"wp-block-separator has-css-opacity\"\/>\n\n\n\n<div style=\"height:30px\" aria-hidden=\"true\" class=\"wp-block-spacer\"><\/div>\n\n\n\n<h2 class=\"wp-block-heading has-text-align-center ticss-810bfeb7\">CHI SIAMO<\/h2>\n\n\n\n<div style=\"height:30px\" aria-hidden=\"true\" class=\"wp-block-spacer\"><\/div>\n\n\n\n<p class=\"ticss-819577b5\">Eletec \u00e8 la sintesi di 25 anni di energie spese ed esperienze accumulate nel settore dell&#8217;elettromeccanica e dell&#8217;automazione industriale. Nostro&nbsp;<em>mantra&nbsp;<\/em>fondamentale \u00e8 da sempre la soddisfazione del cliente, che viene prima di ogni cosa. La continua spinta verso l&#8217;innovazione, unita all&#8217;elevato know-how acquisito dal nostro team nel corso degli anni, fanno di Eletec il partner ideale per il cablaggio di quadri elettrici industriali. Ad elevare la qualit\u00e0 del nostro servizio \u00e8 la capacit\u00e0 di occuparci direttamente di ogni fase della lavorazione: ognuno dei nostri prodotti \u00e8 curato nei minimi dettagli, dallo studio alla realizzazione vera e propria. Grazie a questo riusciamo ad offrire al nostro cliente un servizio attento, dinamico e flessibile. <\/p>\n\n\n\n<div style=\"height:30px\" aria-hidden=\"true\" class=\"wp-block-spacer\"><\/div>\n\n\n\n<hr class=\"wp-block-separator has-css-opacity\"\/>\n\n\n\n<div style=\"height:30px\" aria-hidden=\"true\" class=\"wp-block-spacer\"><\/div>\n\n\n\n<h2 class=\"wp-block-heading has-text-align-center ticss-54161093\">ELETEC NEGLI ANNI<\/h2>\n\n\n\n<div style=\"height:30px\" aria-hidden=\"true\" class=\"wp-block-spacer\"><\/div>\n\n\n\n<p>Eletec\nnasce nel 1994 da un&#8217;idea di Francesco Taddeolini, che insieme all&#8217;amico di\nlunga data Paolo Romaioli decide di far fruttare al massimo delle possibilit\u00e0\nle conoscenze gi\u00e0 acquisite sul campo.<br>\nIl paese di appartenenza non poteva che essere Rezzato (Brescia), dove i due\nsono cresciuti e vivono tutt&#8217;ora. Il nostro personale infatti, a parte qualche\neccezione, ha sangue rezzatese, a testimonianza di quanto Eletec tenga a\nvalorizzare al massimo i talenti nostrani.<br>\nLa nostra crescita continua fino al 2007, fino a quando il nostro vecchio\ncapannone non riesce pi\u00f9 a contenere la nostra voglia di migliorarci e di\ncrescere. Decidiamo quindi di spostare di qualche centinaia di metri la nostra\nsede, oltre a cambiare forma giuridica da s.n.c. a s.r.l.&nbsp;<br>\nAd oggi, Eletec \u00e8 una delle aziende leader nella provincia di Brescia per\nquanto riguarda la produzione di quadri elettrici, ma abbiamo un difetto\nincorreggibile: non ci accontentiamo mai.<\/p>\n\n\n\n<div style=\"height:30px\" aria-hidden=\"true\" class=\"wp-block-spacer\"><\/div>\n\n\n\n<p><\/p>\n","protected":false},"excerpt":{"rendered":"<p>QUADRI ELETTRICI DI COMANDO E CONTROLLO Eletec s.r.l. opera nel settore dei quadri elettrici ormai dal 1994. Nel corso degli anni ci siamo distinti sul territorio prima di Rezzato e poi di Brescia e provincia. Nostri punti di forza sono la professionalit\u00e0 e la massima attenzione verso il cliente, ben bilanciate per\u00f2 da prezzi sempre [&hellip;]<\/p>\n","protected":false},"author":1,"featured_media":0,"parent":0,"menu_order":0,"comment_status":"closed","ping_status":"closed","template":"","meta":{"ocean_post_layout":"full-screen","ocean_both_sidebars_style":"","ocean_both_sidebars_content_width":0,"ocean_both_sidebars_sidebars_width":0,"ocean_sidebar":"0","ocean_second_sidebar":"0","ocean_disable_margins":"enable","ocean_add_body_class":"","ocean_shortcode_before_top_bar":"","ocean_shortcode_after_top_bar":"","ocean_shortcode_before_header":"","ocean_shortcode_after_header":"","ocean_has_shortcode":"","ocean_shortcode_after_title":"","ocean_shortcode_before_footer_widgets":"","ocean_shortcode_after_footer_widgets":"","ocean_shortcode_before_footer_bottom":"","ocean_shortcode_after_footer_bottom":"","ocean_display_top_bar":"off","ocean_display_header":"on","ocean_header_style":"","ocean_center_header_left_menu":"0","ocean_custom_header_template":"0","ocean_custom_logo":1307,"ocean_custom_retina_logo":1307,"ocean_custom_logo_max_width":300,"ocean_custom_logo_tablet_max_width":200,"ocean_custom_logo_mobile_max_width":100,"ocean_custom_logo_max_height":0,"ocean_custom_logo_tablet_max_height":200,"ocean_custom_logo_mobile_max_height":100,"ocean_header_custom_menu":"0","ocean_menu_typo_font_family":"0","ocean_menu_typo_font_subset":"","ocean_menu_typo_font_size":0,"ocean_menu_typo_font_size_tablet":0,"ocean_menu_typo_font_size_mobile":0,"ocean_menu_typo_font_size_unit":"px","ocean_menu_typo_font_weight":"","ocean_menu_typo_font_weight_tablet":"","ocean_menu_typo_font_weight_mobile":"","ocean_menu_typo_transform":"","ocean_menu_typo_transform_tablet":"","ocean_menu_typo_transform_mobile":"","ocean_menu_typo_line_height":0,"ocean_menu_typo_line_height_tablet":0,"ocean_menu_typo_line_height_mobile":0,"ocean_menu_typo_line_height_unit":"","ocean_menu_typo_spacing":0,"ocean_menu_typo_spacing_tablet":0,"ocean_menu_typo_spacing_mobile":0,"ocean_menu_typo_spacing_unit":"","ocean_menu_link_color":"","ocean_menu_link_color_hover":"","ocean_menu_link_color_active":"","ocean_menu_link_background":"","ocean_menu_link_hover_background":"","ocean_menu_link_active_background":"","ocean_menu_social_links_bg":"","ocean_menu_social_hover_links_bg":"","ocean_menu_social_links_color":"","ocean_menu_social_hover_links_color":"","ocean_disable_title":"enable","ocean_disable_heading":"default","ocean_post_title":"","ocean_post_subheading":"","ocean_post_title_style":"","ocean_post_title_background_color":"","ocean_post_title_background":0,"ocean_post_title_bg_image_position":"","ocean_post_title_bg_image_attachment":"","ocean_post_title_bg_image_repeat":"","ocean_post_title_bg_image_size":"","ocean_post_title_height":0,"ocean_post_title_bg_overlay":0.5,"ocean_post_title_bg_overlay_color":"","ocean_disable_breadcrumbs":"default","ocean_breadcrumbs_color":"","ocean_breadcrumbs_separator_color":"","ocean_breadcrumbs_links_color":"","ocean_breadcrumbs_links_hover_color":"","ocean_display_footer_widgets":"default","ocean_display_footer_bottom":"default","ocean_custom_footer_template":"0","footnotes":""},"class_list":["post-184","page","type-page","status-publish","hentry","entry"],"yoast_head":"<!-- This site is optimized with the Yoast SEO plugin v27.6 - https:\/\/yoast.com\/product\/yoast-seo-wordpress\/ -->\n<title>Eletec &#8226; Quadri elettrici di comando e controllo &#8226; Rezzato (Brescia)<\/title>\n<meta name=\"description\" content=\"Eletec s.r.l. - Elettromeccanica ed automazione industriale - Quadri elettrici di comando e controllo - Via Giovanni Agnelli, 14 - 25086 Rezzato (Brescia)\" \/>\n<meta name=\"robots\" content=\"index, follow, max-snippet:-1, max-image-preview:large, max-video-preview:-1\" \/>\n<link rel=\"canonical\" href=\"https:\/\/eletec.com\/\" \/>\n<meta property=\"og:locale\" content=\"it_IT\" \/>\n<meta property=\"og:type\" content=\"article\" \/>\n<meta property=\"og:title\" content=\"Eletec &#8226; Quadri elettrici di comando e controllo &#8226; Rezzato (Brescia)\" \/>\n<meta property=\"og:description\" content=\"Eletec s.r.l. - Elettromeccanica ed automazione industriale - Quadri elettrici di comando e controllo - Via Giovanni Agnelli, 14 - 25086 Rezzato (Brescia)\" \/>\n<meta property=\"og:url\" content=\"https:\/\/eletec.com\/\" \/>\n<meta property=\"og:site_name\" content=\"Eletec\" \/>\n<meta property=\"article:modified_time\" content=\"2024-10-16T16:14:58+00:00\" \/>\n<meta name=\"twitter:card\" content=\"summary_large_image\" \/>\n<meta name=\"twitter:label1\" content=\"Tempo di lettura stimato\" \/>\n\t<meta name=\"twitter:data1\" content=\"2 minuti\" \/>\n<script type=\"application\/ld+json\" class=\"yoast-schema-graph\">{\"@context\":\"https:\\\/\\\/schema.org\",\"@graph\":[{\"@type\":\"WebPage\",\"@id\":\"https:\\\/\\\/eletec.com\\\/\",\"url\":\"https:\\\/\\\/eletec.com\\\/\",\"name\":\"Eletec &#8226; Quadri elettrici di comando e controllo &#8226; Rezzato (Brescia)\",\"isPartOf\":{\"@id\":\"https:\\\/\\\/eletec.com\\\/#website\"},\"datePublished\":\"2019-07-05T14:09:07+00:00\",\"dateModified\":\"2024-10-16T16:14:58+00:00\",\"description\":\"Eletec s.r.l. - Elettromeccanica ed automazione industriale - Quadri elettrici di comando e controllo - Via Giovanni Agnelli, 14 - 25086 Rezzato (Brescia)\",\"breadcrumb\":{\"@id\":\"https:\\\/\\\/eletec.com\\\/#breadcrumb\"},\"inLanguage\":\"it-IT\",\"potentialAction\":[{\"@type\":\"ReadAction\",\"target\":[\"https:\\\/\\\/eletec.com\\\/\"]}]},{\"@type\":\"BreadcrumbList\",\"@id\":\"https:\\\/\\\/eletec.com\\\/#breadcrumb\",\"itemListElement\":[{\"@type\":\"ListItem\",\"position\":1,\"name\":\"Home\",\"item\":\"https:\\\/\\\/eletec.com\\\/\"},{\"@type\":\"ListItem\",\"position\":2,\"name\":\"Home\"}]},{\"@type\":\"WebSite\",\"@id\":\"https:\\\/\\\/eletec.com\\\/#website\",\"url\":\"https:\\\/\\\/eletec.com\\\/\",\"name\":\"Eletec\",\"description\":\"Quadri elettrici di comando e controllo\",\"publisher\":{\"@id\":\"https:\\\/\\\/eletec.com\\\/#organization\"},\"potentialAction\":[{\"@type\":\"SearchAction\",\"target\":{\"@type\":\"EntryPoint\",\"urlTemplate\":\"https:\\\/\\\/eletec.com\\\/?s={search_term_string}\"},\"query-input\":{\"@type\":\"PropertyValueSpecification\",\"valueRequired\":true,\"valueName\":\"search_term_string\"}}],\"inLanguage\":\"it-IT\"},{\"@type\":\"Organization\",\"@id\":\"https:\\\/\\\/eletec.com\\\/#organization\",\"name\":\"Eletec\",\"url\":\"https:\\\/\\\/eletec.com\\\/\",\"logo\":{\"@type\":\"ImageObject\",\"inLanguage\":\"it-IT\",\"@id\":\"https:\\\/\\\/eletec.com\\\/#\\\/schema\\\/logo\\\/image\\\/\",\"url\":\"\",\"contentUrl\":\"\",\"caption\":\"Eletec\"},\"image\":{\"@id\":\"https:\\\/\\\/eletec.com\\\/#\\\/schema\\\/logo\\\/image\\\/\"}}]}<\/script>\n<!-- \/ Yoast SEO plugin. -->","yoast_head_json":{"title":"Eletec &#8226; Quadri elettrici di comando e controllo &#8226; Rezzato (Brescia)","description":"Eletec s.r.l. - Elettromeccanica ed automazione industriale - Quadri elettrici di comando e controllo - Via Giovanni Agnelli, 14 - 25086 Rezzato (Brescia)","robots":{"index":"index","follow":"follow","max-snippet":"max-snippet:-1","max-image-preview":"max-image-preview:large","max-video-preview":"max-video-preview:-1"},"canonical":"https:\/\/eletec.com\/","og_locale":"it_IT","og_type":"article","og_title":"Eletec &#8226; Quadri elettrici di comando e controllo &#8226; Rezzato (Brescia)","og_description":"Eletec s.r.l. - Elettromeccanica ed automazione industriale - Quadri elettrici di comando e controllo - Via Giovanni Agnelli, 14 - 25086 Rezzato (Brescia)","og_url":"https:\/\/eletec.com\/","og_site_name":"Eletec","article_modified_time":"2024-10-16T16:14:58+00:00","twitter_card":"summary_large_image","twitter_misc":{"Tempo di lettura stimato":"2 minuti"},"schema":{"@context":"https:\/\/schema.org","@graph":[{"@type":"WebPage","@id":"https:\/\/eletec.com\/","url":"https:\/\/eletec.com\/","name":"Eletec &#8226; Quadri elettrici di comando e controllo &#8226; Rezzato (Brescia)","isPartOf":{"@id":"https:\/\/eletec.com\/#website"},"datePublished":"2019-07-05T14:09:07+00:00","dateModified":"2024-10-16T16:14:58+00:00","description":"Eletec s.r.l. - Elettromeccanica ed automazione industriale - Quadri elettrici di comando e controllo - Via Giovanni Agnelli, 14 - 25086 Rezzato (Brescia)","breadcrumb":{"@id":"https:\/\/eletec.com\/#breadcrumb"},"inLanguage":"it-IT","potentialAction":[{"@type":"ReadAction","target":["https:\/\/eletec.com\/"]}]},{"@type":"BreadcrumbList","@id":"https:\/\/eletec.com\/#breadcrumb","itemListElement":[{"@type":"ListItem","position":1,"name":"Home","item":"https:\/\/eletec.com\/"},{"@type":"ListItem","position":2,"name":"Home"}]},{"@type":"WebSite","@id":"https:\/\/eletec.com\/#website","url":"https:\/\/eletec.com\/","name":"Eletec","description":"Quadri elettrici di comando e controllo","publisher":{"@id":"https:\/\/eletec.com\/#organization"},"potentialAction":[{"@type":"SearchAction","target":{"@type":"EntryPoint","urlTemplate":"https:\/\/eletec.com\/?s={search_term_string}"},"query-input":{"@type":"PropertyValueSpecification","valueRequired":true,"valueName":"search_term_string"}}],"inLanguage":"it-IT"},{"@type":"Organization","@id":"https:\/\/eletec.com\/#organization","name":"Eletec","url":"https:\/\/eletec.com\/","logo":{"@type":"ImageObject","inLanguage":"it-IT","@id":"https:\/\/eletec.com\/#\/schema\/logo\/image\/","url":"","contentUrl":"","caption":"Eletec"},"image":{"@id":"https:\/\/eletec.com\/#\/schema\/logo\/image\/"}}]}},"_links":{"self":[{"href":"https:\/\/eletec.com\/index.php?rest_route=\/wp\/v2\/pages\/184","targetHints":{"allow":["GET"]}}],"collection":[{"href":"https:\/\/eletec.com\/index.php?rest_route=\/wp\/v2\/pages"}],"about":[{"href":"https:\/\/eletec.com\/index.php?rest_route=\/wp\/v2\/types\/page"}],"author":[{"embeddable":true,"href":"https:\/\/eletec.com\/index.php?rest_route=\/wp\/v2\/users\/1"}],"replies":[{"embeddable":true,"href":"https:\/\/eletec.com\/index.php?rest_route=%2Fwp%2Fv2%2Fcomments&post=184"}],"version-history":[{"count":174,"href":"https:\/\/eletec.com\/index.php?rest_route=\/wp\/v2\/pages\/184\/revisions"}],"predecessor-version":[{"id":1309,"href":"https:\/\/eletec.com\/index.php?rest_route=\/wp\/v2\/pages\/184\/revisions\/1309"}],"wp:attachment":[{"href":"https:\/\/eletec.com\/index.php?rest_route=%2Fwp%2Fv2%2Fmedia&parent=184"}],"curies":[{"name":"wp","href":"https:\/\/api.w.org\/{rel}","templated":true}]}}